{"id":7497,"date":"2022-05-03T16:35:05","date_gmt":"2022-05-03T14:35:05","guid":{"rendered":"https:\/\/ferrerasrl.it\/privacy-policy\/"},"modified":"2022-05-03T16:35:05","modified_gmt":"2022-05-03T14:35:05","slug":"privacy-policy","status":"publish","type":"page","link":"https:\/\/ferrerasrl.it\/en\/privacy-policy\/","title":{"rendered":"Privacy Policy"},"content":{"rendered":"<h2 data-fontsize=\"20\" data-lineheight=\"28.6px\"><strong>INFORMATIVA<\/strong><\/h2>\n<p>Informativa ai sensi del Reg .<strong>UE 2016\/679 \u2013 GDPR<\/strong><\/p>\n<p>In questa pagina si descrivono le modalit\u00e0 di gestione del sito in riferimento al trattamento dei dati personali degli utenti che lo consultano. Si tratta di un\u2019informativa che \u00e8 resa a coloro che interagiscono con i servizi web di Ferrera Srl per la protezione dei dati personali, accessibili per via telematica a partire dall\u2019indirizzo: <a href=\"https:\/\/www.ferrerasrl.it\/\">https:\/\/www.ferrerasrl.it\/<\/a> e <a href=\"https:\/\/ferrerasrl.it\/en\/\">https:\/\/ferrerasrl.it\/<\/a> e tutti domini di terzo livello. L\u2019informativa \u00e8 resa solo per il sito di ferrerasrl.it e non anche per altri siti web eventualmente consultati dall\u2019utente tramite link. La Raccomandazione e una descrizione di sintesi delle sue finalit\u00e0 sono riportate di seguito.<\/p>\n<h3 class=\"\" data-fontsize=\"20\" data-lineheight=\"28.6px\"><strong>FINALIT\u00c0 E BASE GIURIDICA DEL TRATTAMENTO<\/strong><\/h3>\n<p>I dati di natura personale forniti saranno trattati, nel rispetto delle condizioni di liceit\u00e0 ex art. 6 lett. f) (legittimo interesse) Reg. UE 2016\/679, per le seguenti finalit\u00e0:<br \/>\n\u2013 navigazione sul presente sito internet;<br \/>\n\u2013 eventuale richiesta di contatto, con invio di informazioni da Lei richieste;<br \/>\n\u2013 eventuale compilazione di form di raccolta dati in aree dedicate;<br \/>\n\u2013 attivit\u00e0 amministrativo-contabili in genere.<\/p>\n<p>Ai fini dell\u2019applicazione delle disposizioni in materia di protezione dei dati personali, i trattamenti effettuati per finalit\u00e0 amministrativo-contabili sono quelli connessi allo svolgimento delle attivit\u00e0 di natura organizzativa, amministrativa, finanziaria e contabile, a prescindere dalla natura dei dati trattati. In particolare, perseguono tali finalit\u00e0 le attivit\u00e0 organizzative interne, quelle funzionali all\u2019adempimento di obblighi contrattuali e precontrattuali, attivit\u00e0 informativa.<\/p>\n<h3 class=\"\" data-fontsize=\"20\" data-lineheight=\"28.6px\"><strong>DESTINATARI O CATEGORIE DI DESTINATARI DEI DATI<\/strong><\/h3>\n<p>I dati di natura personale forniti saranno comunicati a destinatari, che tratteranno i dati in qualit\u00e0 di responsabili (art. 28 del Reg. UE 2016\/679) e\/o in qualit\u00e0 di persone fisiche che agiscono sotto l\u2019autorit\u00e0 del Titolare e del Responsabile (art. 29 del Reg. UE 2016\/679), per le finalit\u00e0 sopra elencate.<\/p>\n<p>Precisamente, i dati saranno comunicati a:<br \/>\n-soggetti che forniscono servizi per la gestione del sistema informativo usato da Ferrera Srl e delle reti di telecomunicazioni;<br \/>\n-liberi professionisti, studi o societ\u00e0 nell\u2019ambito di rapporti di assistenza e consulenza;<br \/>\n-autorit\u00e0 competenti per adempimenti di obblighi di leggi e\/o di disposizioni di organi pubblici, su richiesta. I soggetti appartenenti alle categorie suddette svolgono la funzione di Responsabile del trattamento dei dati, oppure operano in totale autonomia come distinti Titolari del trattamento.<\/p>\n<p>I dati non saranno ceduti a terzi per comunicazioni commerciali.<br \/>\nL\u2019elenco dei Responsabili del trattamento \u00e8 costantemente aggiornato e disponibile scrivendo a info@ferrerasrl.it o presso la sede di Ferrera Srl.<\/p>\n<h3 class=\"\" data-fontsize=\"20\" data-lineheight=\"28.6px\"><strong>TRASFERIMENTO DATI VERSO PAESI EXTRA UE<\/strong><\/h3>\n<p>I dati di natura personale forniti non saranno trasferiti in Paesi Extra Unione Europea.<\/p>\n<p>L\u2019interessato potr\u00e0 ottenere informazioni circa le garanzie per il trasferimento dati scrivendo una mail all\u2019indirizzo info@ferrerasrl.it o presso la sede di Ferrera Srl.<\/p>\n<h3 class=\"\" data-fontsize=\"20\" data-lineheight=\"28.6px\"><strong>PERIODO DI CONSERVAZIONE DEI DATI O CRITERI PER DETERMINARE IL PERIODO<\/strong><\/h3>\n<p>Il trattamento sar\u00e0 svolto in forma automatizzata e manuale, con modalit\u00e0 e strumenti volti a garantire la massima sicurezza e riservatezza, ad opera di soggetti di ci\u00f2 appositamente incaricati.<br \/>\nNel rispetto di quanto previsto dall\u2019art. 5 comma 1 lett. e) del Reg. UE 2016\/679 i dati personali raccolti verranno conservati in una forma che consenta l\u2019identificazione degli interessati per un arco di tempo non superiore al conseguimento delle finalit\u00e0 per le quali i dati personali sono trattati. La conservazione dei dati di natura personale forniti dipende dalla finalit\u00e0 del trattamento:<br \/>\n\u2013 navigazione sul presente sito web<br \/>\n\u2013 per richiesta di contatto (massimo 1 anno);<br \/>\n\u2013 comunicazioni promozionali in genere via e-mail (massimo 24 mesi);<br \/>\ntempistica determinata sulla base di criteri di cui l\u2019interessato pu\u00f2 avere informazioni scrivendo all\u2019indirizzo info@ferrerasrl.it o presso la sede di Ferrera Srl.<\/p>\n<h3 class=\"\" data-fontsize=\"20\" data-lineheight=\"28.6px\"><strong>DIRITTI DEGLI INTERESSATI<\/strong><\/h3>\n<p>Lei potr\u00e0 far valere i propri diritti come espressi dal Regolamento UE 2016\/679, rivolgendosi al Titolare, inviando una e-mail all\u2019indirizzo all\u2019indirizzo info@ferrerasrl.it o presso la sede di Ferrera Srl.<br \/>\nLei ha il diritto, in qualunque momento, di chiedere al Titolare del trattamento l\u2019accesso ai Suoi dati personali (art. 15), la rettifica (art. 16) o la cancellazione (art 17) degli stessi, o la limitazione del trattamento (art 18) o di opporsi al loro trattamento basato sul legittimo interesse (art. 21).<br \/>\nRevoca del consenso. Il trattamento non ha base giuridica nel consenso ma nell\u2019interesse legittimo. Qualora il trattamento sia basato sul consenso, lei ha il diritto di revocare il consenso in qualsiasi momento senza pregiudicare la liceit\u00e0 del trattamento basata sul consenso prestato prima della revoca;<br \/>\nPer opporsi al trattamento e per esercitare gli altri diritti potr\u00e0 scrivere all\u2019indirizzo info@ferrerasrl.it o presso la sede di Ferrera Srl.<br \/>\nLei ha il diritto di proporre reclamo a un\u2019autorit\u00e0 di controllo.<br \/>\nLa comunicazione di dati personali non \u00e8 un obbligo. Lei \u00e8 libero di fornire i dati personali nelle aree dedicate sul sito. Il mancato conferimento dei dati personali comporta l\u2019impossibilit\u00e0 di fruire dei servizi offerti dal titolare del trattamento. Non vi \u00e8 l\u2019esistenza di un processo decisionale automatizzato.<\/p>\n<h2 class=\"\" data-fontsize=\"20\" data-lineheight=\"28.6px\"><strong>COOKIES<\/strong><\/h2>\n<h3 class=\"\" data-fontsize=\"20\" data-lineheight=\"28.6px\"><strong>UTILIZZO DEI COOKIES<\/strong><\/h3>\n<p>I Cookie sono costituiti da porzioni di codice installate all\u2019interno del browser il cui scopo principale \u00e8 quello di far funzionare pi\u00f9 efficacemente il sito e di abilitarne determinate funzionalit\u00e0. I cookie sono utilizzati per migliorare la navigazione globale dell\u2019Utente.<\/p>\n<p>Cookie tecnici e di cookie di statistica aggregata<br \/>\nAttivit\u00e0 necessarie al funzionamento<br \/>\nQuesto sito utilizza Cookie per salvare la sessione dell\u2019Utente e per svolgere altre attivit\u00e0 strettamente necessarie al funzionamento del sito stesso. Questi Cookie sono ad esempio quelli per memorizzare il menu di navigazione.<\/p>\n<p>Attivit\u00e0 di gestione delle preferenze e statistica<br \/>\nQuesto sito utilizza Cookie per salvare le preferenze di navigazione ed ottimizzare l\u2019esperienza dell\u2019Utente. Questi Cookie sono ad esempio quelli per impostare la lingua del sito.<\/p>\n<p>Altre tipologie di Cookie o strumenti terzi che potrebbero farne utilizzo<br \/>\nAlcuni dei servizi elencati di seguito potrebbero non richiedere il consenso dell\u2019Utente o potrebbero non essere gestiti dal Titolare.<\/p>\n<p>Qualora fra gli strumenti indicati in seguito fossero presenti servizi gestiti da terzi, questi potrebbero \u2013 anche all\u2019insaputa del Titolare \u2013 compiere attivit\u00e0 di tracciamento dell\u2019Utente. Per informazioni in merito, si consiglia di consultare le privacy policy dei servizi elencati.<\/p>\n<h3 class=\"\" data-fontsize=\"20\" data-lineheight=\"28.6px\"><strong>COOKIE STATISTICI<\/strong><\/h3>\n<p>I cookie che permettono al Titolare di monitorare e analizzare i dati di traffico e servono a tener traccia del comportamento dell\u2019Utente sul sito.<\/p>\n<h3 class=\"\" data-fontsize=\"20\" data-lineheight=\"28.6px\"><strong>GOOGLE ANALYTICS (Google)<\/strong><\/h3>\n<p>Google Analytics \u00e8 un servizio di analisi web fornito da Google Inc. (\u201cGoogle\u201d).<br \/>\nDati raccolti: Cookie e Dati di utilizzo.<br \/>\nLuogo: USA \u2013 Privacy Policy \u2013 Opt Out<\/p>\n<h3 class=\"\" data-fontsize=\"20\" data-lineheight=\"28.6px\"><strong>COOKIE PER INTERAZIONE CON SOCIAL NETWORK<\/strong><\/h3>\n<p>Questi cookie permettono di effettuare interazioni con i social network direttamente dal sito.<\/p>\n<h3 class=\"\" data-fontsize=\"20\" data-lineheight=\"28.6px\"><strong>COME CONTROLLARE L\u2019INSTALLAZIONE DI COOKIE NEL PROPRIO BROWSER?<\/strong><\/h3>\n<p>In aggiunta a quanto indicato in questo documento, l\u2019Utente pu\u00f2 gestire le preferenze relative ai Cookie direttamente all\u2019interno del proprio browser ed impedire che terze parti possano installarne. Tramite le preferenze del browser \u00e8 inoltre possibile eliminare i Cookie installati in passato. L\u2019Utente pu\u00f2 trovare informazioni su come gestire i Cookie nel suo browser ai seguenti indirizzi: Microsoft Windows Explorer, Mozilla Firefox, Google Chrome, Apple Safari.<br \/>\n\u00c8 importante notare che <strong>disabilitando i Cookie, il funzionamento del sito potrebbe essere parziale o compromesso<\/strong>.<br \/>\nIn caso di servizi forniti da terze parti, l\u2019Utente pu\u00f2 avvalersi del proprio diritto di opporsi al tracciamento contattando direttamente la stessa.<br \/>\nL\u2019Utente pu\u00f2 infine avvalersi di Your Online Choices. Attraverso tale servizio \u00e8 possibile gestire le preferenze di tracciamento della maggior parte degli strumenti pubblicitari.<br \/>\nQuesto sito utilizza il plugin Cookiebot che permette all\u2019utente di visualizzare tutti i cookie presenti sul sito ed eventualmente scegliere quale disattivare.<\/p>\n<h3 class=\"\" data-fontsize=\"20\" data-lineheight=\"28.6px\"><strong>SEDE AMMINISTRATIVA E OPERATIVA<\/strong><\/h3>\n<p>Via Piemonte, 20 \u2013 20841 Carate Brianza (MB) | Tel: 0362.900.980 | E-mail: info@ferrerasrl.it | C.F.\/P.IVA 05078570966<\/p>\n<h3 class=\"\" data-fontsize=\"20\" data-lineheight=\"28.6px\"><strong>MODIFICHE ALL\u2019INFORMATIVA SULLA PRIVACY<\/strong><\/h3>\n<p>Il titolare si riserva il diritto di modificare, aggiornare, aggiungere o rimuovere parti della presente informativa sulla privacy a propria discrezione e in qualsiasi momento. La persona interessata pu\u00f2 verificare in qualsiasi momento le eventuali modifiche. Al fine di facilitare tale verifica l\u2019informativa conterr\u00e0 l\u2019indicazione della data di aggiornamento dell\u2019informativa.<\/p>\n<p>Data di aggiornamento: <strong>03.05.2022<\/strong><\/p>\n","protected":false},"excerpt":{"rendered":"<p>INFORMATIVA Informativa ai sensi del Reg .UE 2016\/679 \u2013 GDPR [&hellip;]<\/p>\n","protected":false},"author":4,"featured_media":0,"parent":0,"menu_order":0,"comment_status":"closed","ping_status":"closed","template":"","meta":{"_acf_changed":false,"footnotes":""},"class_list":["post-7497","page","type-page","status-publish","hentry"],"acf":[],"yoast_head":"<!-- This site is optimized with the Yoast SEO plugin v27.3 - https:\/\/yoast.com\/product\/yoast-seo-wordpress\/ -->\n<title>Privacy Policy - Ferrera Srl<\/title>\n<meta name=\"robots\" content=\"index, follow, max-snippet:-1, max-image-preview:large, max-video-preview:-1\" \/>\n<link rel=\"canonical\" href=\"https:\/\/ferrerasrl.it\/en\/privacy-policy\/\" \/>\n<meta property=\"og:locale\" content=\"en_US\" \/>\n<meta property=\"og:type\" content=\"article\" \/>\n<meta property=\"og:title\" content=\"Privacy Policy - Ferrera Srl\" \/>\n<meta property=\"og:description\" content=\"INFORMATIVA Informativa ai sensi del Reg .UE 2016\/679 \u2013 GDPR [&hellip;]\" \/>\n<meta property=\"og:url\" content=\"https:\/\/ferrerasrl.it\/en\/privacy-policy\/\" \/>\n<meta property=\"og:site_name\" content=\"Ferrera Srl\" \/>\n<meta name=\"twitter:card\" content=\"summary_large_image\" \/>\n<meta name=\"twitter:label1\" content=\"Est. reading time\" \/>\n\t<meta name=\"twitter:data1\" content=\"7 minutes\" \/>\n<script type=\"application\/ld+json\" class=\"yoast-schema-graph\">{\"@context\":\"https:\\\/\\\/schema.org\",\"@graph\":[{\"@type\":\"WebPage\",\"@id\":\"https:\\\/\\\/ferrerasrl.it\\\/en\\\/privacy-policy\\\/\",\"url\":\"https:\\\/\\\/ferrerasrl.it\\\/en\\\/privacy-policy\\\/\",\"name\":\"Privacy Policy - Ferrera Srl\",\"isPartOf\":{\"@id\":\"https:\\\/\\\/ferrerasrl.it\\\/en\\\/#website\"},\"datePublished\":\"2022-05-03T14:35:05+00:00\",\"breadcrumb\":{\"@id\":\"https:\\\/\\\/ferrerasrl.it\\\/en\\\/privacy-policy\\\/#breadcrumb\"},\"inLanguage\":\"en-US\",\"potentialAction\":[{\"@type\":\"ReadAction\",\"target\":[\"https:\\\/\\\/ferrerasrl.it\\\/en\\\/privacy-policy\\\/\"]}]},{\"@type\":\"BreadcrumbList\",\"@id\":\"https:\\\/\\\/ferrerasrl.it\\\/en\\\/privacy-policy\\\/#breadcrumb\",\"itemListElement\":[{\"@type\":\"ListItem\",\"position\":1,\"name\":\"Home\",\"item\":\"https:\\\/\\\/ferrerasrl.it\\\/en\\\/home-new\\\/\"},{\"@type\":\"ListItem\",\"position\":2,\"name\":\"Privacy Policy\"}]},{\"@type\":\"WebSite\",\"@id\":\"https:\\\/\\\/ferrerasrl.it\\\/en\\\/#website\",\"url\":\"https:\\\/\\\/ferrerasrl.it\\\/en\\\/\",\"name\":\"Ferrera Srl\",\"description\":\"Progettazione e Costruzione Macchine\",\"publisher\":{\"@id\":\"https:\\\/\\\/ferrerasrl.it\\\/en\\\/#organization\"},\"potentialAction\":[{\"@type\":\"SearchAction\",\"target\":{\"@type\":\"EntryPoint\",\"urlTemplate\":\"https:\\\/\\\/ferrerasrl.it\\\/en\\\/?s={search_term_string}\"},\"query-input\":{\"@type\":\"PropertyValueSpecification\",\"valueRequired\":true,\"valueName\":\"search_term_string\"}}],\"inLanguage\":\"en-US\"},{\"@type\":\"Organization\",\"@id\":\"https:\\\/\\\/ferrerasrl.it\\\/en\\\/#organization\",\"name\":\"Ferrera SRL\",\"url\":\"https:\\\/\\\/ferrerasrl.it\\\/en\\\/\",\"logo\":{\"@type\":\"ImageObject\",\"inLanguage\":\"en-US\",\"@id\":\"https:\\\/\\\/ferrerasrl.it\\\/en\\\/#\\\/schema\\\/logo\\\/image\\\/\",\"url\":\"https:\\\/\\\/ferrerasrl.it\\\/wp-content\\\/uploads\\\/2023\\\/03\\\/logo-full.png\",\"contentUrl\":\"https:\\\/\\\/ferrerasrl.it\\\/wp-content\\\/uploads\\\/2023\\\/03\\\/logo-full.png\",\"width\":3545,\"height\":397,\"caption\":\"Ferrera SRL\"},\"image\":{\"@id\":\"https:\\\/\\\/ferrerasrl.it\\\/en\\\/#\\\/schema\\\/logo\\\/image\\\/\"}}]}<\/script>\n<!-- \/ Yoast SEO plugin. -->","yoast_head_json":{"title":"Privacy Policy - Ferrera Srl","robots":{"index":"index","follow":"follow","max-snippet":"max-snippet:-1","max-image-preview":"max-image-preview:large","max-video-preview":"max-video-preview:-1"},"canonical":"https:\/\/ferrerasrl.it\/en\/privacy-policy\/","og_locale":"en_US","og_type":"article","og_title":"Privacy Policy - Ferrera Srl","og_description":"INFORMATIVA Informativa ai sensi del Reg .UE 2016\/679 \u2013 GDPR [&hellip;]","og_url":"https:\/\/ferrerasrl.it\/en\/privacy-policy\/","og_site_name":"Ferrera Srl","twitter_card":"summary_large_image","twitter_misc":{"Est. reading time":"7 minutes"},"schema":{"@context":"https:\/\/schema.org","@graph":[{"@type":"WebPage","@id":"https:\/\/ferrerasrl.it\/en\/privacy-policy\/","url":"https:\/\/ferrerasrl.it\/en\/privacy-policy\/","name":"Privacy Policy - Ferrera Srl","isPartOf":{"@id":"https:\/\/ferrerasrl.it\/en\/#website"},"datePublished":"2022-05-03T14:35:05+00:00","breadcrumb":{"@id":"https:\/\/ferrerasrl.it\/en\/privacy-policy\/#breadcrumb"},"inLanguage":"en-US","potentialAction":[{"@type":"ReadAction","target":["https:\/\/ferrerasrl.it\/en\/privacy-policy\/"]}]},{"@type":"BreadcrumbList","@id":"https:\/\/ferrerasrl.it\/en\/privacy-policy\/#breadcrumb","itemListElement":[{"@type":"ListItem","position":1,"name":"Home","item":"https:\/\/ferrerasrl.it\/en\/home-new\/"},{"@type":"ListItem","position":2,"name":"Privacy Policy"}]},{"@type":"WebSite","@id":"https:\/\/ferrerasrl.it\/en\/#website","url":"https:\/\/ferrerasrl.it\/en\/","name":"Ferrera Srl","description":"Progettazione e Costruzione Macchine","publisher":{"@id":"https:\/\/ferrerasrl.it\/en\/#organization"},"potentialAction":[{"@type":"SearchAction","target":{"@type":"EntryPoint","urlTemplate":"https:\/\/ferrerasrl.it\/en\/?s={search_term_string}"},"query-input":{"@type":"PropertyValueSpecification","valueRequired":true,"valueName":"search_term_string"}}],"inLanguage":"en-US"},{"@type":"Organization","@id":"https:\/\/ferrerasrl.it\/en\/#organization","name":"Ferrera SRL","url":"https:\/\/ferrerasrl.it\/en\/","logo":{"@type":"ImageObject","inLanguage":"en-US","@id":"https:\/\/ferrerasrl.it\/en\/#\/schema\/logo\/image\/","url":"https:\/\/ferrerasrl.it\/wp-content\/uploads\/2023\/03\/logo-full.png","contentUrl":"https:\/\/ferrerasrl.it\/wp-content\/uploads\/2023\/03\/logo-full.png","width":3545,"height":397,"caption":"Ferrera SRL"},"image":{"@id":"https:\/\/ferrerasrl.it\/en\/#\/schema\/logo\/image\/"}}]}},"_links":{"self":[{"href":"https:\/\/ferrerasrl.it\/en\/wp-json\/wp\/v2\/pages\/7497","targetHints":{"allow":["GET"]}}],"collection":[{"href":"https:\/\/ferrerasrl.it\/en\/wp-json\/wp\/v2\/pages"}],"about":[{"href":"https:\/\/ferrerasrl.it\/en\/wp-json\/wp\/v2\/types\/page"}],"author":[{"embeddable":true,"href":"https:\/\/ferrerasrl.it\/en\/wp-json\/wp\/v2\/users\/4"}],"replies":[{"embeddable":true,"href":"https:\/\/ferrerasrl.it\/en\/wp-json\/wp\/v2\/comments?post=7497"}],"version-history":[{"count":0,"href":"https:\/\/ferrerasrl.it\/en\/wp-json\/wp\/v2\/pages\/7497\/revisions"}],"wp:attachment":[{"href":"https:\/\/ferrerasrl.it\/en\/wp-json\/wp\/v2\/media?parent=7497"}],"curies":[{"name":"wp","href":"https:\/\/api.w.org\/{rel}","templated":true}]}}